{"id":10764,"date":"2024-11-18T15:51:10","date_gmt":"2024-11-18T23:51:10","guid":{"rendered":"https:\/\/bqe-water.local\/ponte-en-contacto-con\/"},"modified":"2026-03-16T08:38:23","modified_gmt":"2026-03-16T16:38:23","slug":"ponte-en-contacto-con","status":"publish","type":"page","link":"https:\/\/bqewater.com\/es\/ponte-en-contacto-con\/","title":{"rendered":"Contacto"},"content":{"rendered":"\t\t<div data-elementor-type=\"wp-page\" data-elementor-id=\"10764\" class=\"elementor elementor-10764 elementor-262\" data-elementor-post-type=\"page\">\n\t\t\t\t<div data-dce-background-image-url=\"https:\/\/bqewater.com\/wp-content\/uploads\/2024\/11\/Raglan-larger-scaled.jpg\" class=\"elementor-element elementor-element-2c84a1bf e-flex e-con-boxed e-con e-parent\" data-id=\"2c84a1bf\" data-element_type=\"container\" data-e-type=\"container\" data-settings=\"{&quot;shape_divider_bottom&quot;:&quot;triangle&quot;,&quot;shape_divider_bottom_negative&quot;:&quot;yes&quot;,&quot;background_background&quot;:&quot;classic&quot;}\">\n\t\t\t\t\t<div class=\"e-con-inner\">\n\t\t\t\t<div class=\"elementor-shape elementor-shape-bottom\" aria-hidden=\"true\" data-negative=\"true\">\n\t\t\t<svg xmlns=\"http:\/\/www.w3.org\/2000\/svg\" viewBox=\"0 0 1000 100\" preserveAspectRatio=\"none\">\n\t<path class=\"elementor-shape-fill\" d=\"M500.2,94.7L0,0v100h1000V0L500.2,94.7z\"\/>\n<\/svg>\t\t<\/div>\n\t\t<div data-dce-background-color=\"#0000004D\" class=\"elementor-element elementor-element-76ec01f8 e-con-full e-flex e-con e-child\" data-id=\"76ec01f8\" data-element_type=\"container\" data-e-type=\"container\" data-settings=\"{&quot;background_background&quot;:&quot;classic&quot;,&quot;motion_fx_motion_fx_scrolling&quot;:&quot;yes&quot;,&quot;motion_fx_translateY_effect&quot;:&quot;yes&quot;,&quot;motion_fx_translateY_direction&quot;:&quot;negative&quot;,&quot;motion_fx_translateY_speed&quot;:{&quot;unit&quot;:&quot;px&quot;,&quot;size&quot;:1,&quot;sizes&quot;:[]},&quot;motion_fx_translateY_affectedRange&quot;:{&quot;unit&quot;:&quot;%&quot;,&quot;size&quot;:&quot;&quot;,&quot;sizes&quot;:{&quot;start&quot;:0,&quot;end&quot;:100}},&quot;motion_fx_devices&quot;:[&quot;desktop&quot;,&quot;tablet_extra&quot;,&quot;tablet&quot;,&quot;mobile&quot;]}\">\n\t\t\t\t<div class=\"elementor-element elementor-element-9a868a2 elementor-widget elementor-widget-heading\" data-id=\"9a868a2\" data-element_type=\"widget\" data-e-type=\"widget\" data-widget_type=\"heading.default\">\n\t\t\t\t\t<div class=\"elementor-heading-title elementor-size-default\">D\u00cd HOLA<\/div>\t\t\t\t<\/div>\n\t\t\t\t<div class=\"elementor-element elementor-element-2aff9765 elementor-widget elementor-widget-text-editor\" data-id=\"2aff9765\" data-element_type=\"widget\" data-e-type=\"widget\" data-widget_type=\"text-editor.default\">\n\t\t\t\t\t\t\t\t\t<p>Ponte en contacto con BQE Water para saber c\u00f3mo nuestra experiencia puede apoyar tu proyecto. Si tienes preguntas, necesitas orientaci\u00f3n o est\u00e1s dispuesto a colaborar, nuestro equipo est\u00e1 aqu\u00ed para ayudarte. <\/p>\t\t\t\t\t\t\t\t<\/div>\n\t\t\t\t<div data-dce-title-color=\"#F9D74B\" class=\"elementor-element elementor-element-682961b7 elementor-widget elementor-widget-heading\" data-id=\"682961b7\" data-element_type=\"widget\" data-e-type=\"widget\" data-widget_type=\"heading.default\">\n\t\t\t\t\t<h1 class=\"elementor-heading-title elementor-size-default\">CONTACTO<\/h1>\t\t\t\t<\/div>\n\t\t\t\t<\/div>\n\t\t\t\t\t<\/div>\n\t\t\t\t<\/div>\n\t\t<div class=\"elementor-element elementor-element-6948317 e-flex e-con-boxed e-con e-parent\" data-id=\"6948317\" data-element_type=\"container\" data-e-type=\"container\">\n\t\t\t\t\t<div class=\"e-con-inner\">\n\t\t\t\t<div class=\"elementor-element elementor-element-2233b99 elementor-widget elementor-widget-heading\" data-id=\"2233b99\" data-element_type=\"widget\" data-e-type=\"widget\" data-widget_type=\"heading.default\">\n\t\t\t\t\t<h2 class=\"elementor-heading-title elementor-size-default\">NOS ENCANTAR\u00cdA SABER DE TI<\/h2>\t\t\t\t<\/div>\n\t\t\t\t<div class=\"elementor-element elementor-element-789dfc2 elementor-widget elementor-widget-text-editor\" data-id=\"789dfc2\" data-element_type=\"widget\" data-e-type=\"widget\" data-widget_type=\"text-editor.default\">\n\t\t\t\t\t\t\t\t\t<p><span style=\"white-space-collapse: preserve;\">Utiliza el siguiente formulario para ponerte en contacto con nuestro equipo, o env\u00edanos un correo electr\u00f3nico m\u00e1s abajo.<\/span><\/p>\t\t\t\t\t\t\t\t<\/div>\n\t\t\t\t\t<\/div>\n\t\t\t\t<\/div>\n\t\t<div class=\"elementor-element elementor-element-fd24e39 e-flex e-con-boxed e-con e-parent\" data-id=\"fd24e39\" data-element_type=\"container\" data-e-type=\"container\">\n\t\t\t\t\t<div class=\"e-con-inner\">\n\t\t<div class=\"elementor-element elementor-element-d6a4b05 e-con-full e-flex e-con e-child\" data-id=\"d6a4b05\" data-element_type=\"container\" data-e-type=\"container\" data-settings=\"{&quot;background_background&quot;:&quot;classic&quot;}\">\n\t\t\t\t<div class=\"elementor-element elementor-element-0261e15 elementor-button-align-start elementor-widget elementor-widget-form\" data-id=\"0261e15\" data-element_type=\"widget\" data-e-type=\"widget\" data-settings=\"{&quot;step_next_label&quot;:&quot;Siguiente&quot;,&quot;step_previous_label&quot;:&quot;Anterior&quot;,&quot;button_width&quot;:&quot;100&quot;,&quot;step_type&quot;:&quot;number_text&quot;,&quot;step_icon_shape&quot;:&quot;circle&quot;}\" data-widget_type=\"form.default\">\n\t\t\t\t\t\t\t<form class=\"elementor-form\" method=\"post\" name=\"Nuevo formulario\" aria-label=\"Nuevo formulario\">\n\t\t\t<input type=\"hidden\" name=\"post_id\" value=\"10764\"\/>\n\t\t\t<input type=\"hidden\" name=\"form_id\" value=\"0261e15\"\/>\n\t\t\t<input type=\"hidden\" name=\"referer_title\" value=\"Contacto - BQE Water\" \/>\n\n\t\t\t\t\t\t\t<input type=\"hidden\" name=\"queried_id\" value=\"10764\"\/>\n\t\t\t\n\t\t\t<div class=\"elementor-form-fields-wrapper elementor-labels-\">\n\t\t\t\t\t\t\t\t<div class=\"elementor-field-type-text elementor-field-group elementor-column elementor-field-group-name elementor-col-50 elementor-field-required\">\n\t\t\t\t\t\t\t\t\t\t\t\t<label for=\"form-field-name\" class=\"elementor-field-label elementor-screen-only\">\n\t\t\t\t\t\t\t\tNombre\t\t\t\t\t\t\t<\/label>\n\t\t\t\t\t\t\t\t\t\t\t\t\t\t<input size=\"1\" type=\"text\" name=\"form_fields[name]\" id=\"form-field-name\" class=\"elementor-field elementor-size-md  elementor-field-textual\" placeholder=\"Nombre\" required=\"required\">\n\t\t\t\t\t\t\t\t\t\t\t<\/div>\n\t\t\t\t\t\t\t\t<div class=\"elementor-field-type-text elementor-field-group elementor-column elementor-field-group-field_6748f32 elementor-col-50 elementor-field-required\">\n\t\t\t\t\t\t\t\t\t\t\t\t<label for=\"form-field-field_6748f32\" class=\"elementor-field-label elementor-screen-only\">\n\t\t\t\t\t\t\t\tApellido\t\t\t\t\t\t\t<\/label>\n\t\t\t\t\t\t\t\t\t\t\t\t\t\t<input size=\"1\" type=\"text\" name=\"form_fields[field_6748f32]\" id=\"form-field-field_6748f32\" class=\"elementor-field elementor-size-md  elementor-field-textual\" placeholder=\"Apellido\" required=\"required\">\n\t\t\t\t\t\t\t\t\t\t\t<\/div>\n\t\t\t\t\t\t\t\t<div class=\"elementor-field-type-email elementor-field-group elementor-column elementor-field-group-email elementor-col-50 elementor-field-required\">\n\t\t\t\t\t\t\t\t\t\t\t\t<label for=\"form-field-email\" class=\"elementor-field-label elementor-screen-only\">\n\t\t\t\t\t\t\t\tEnv\u00eda un correo electr\u00f3nico a\t\t\t\t\t\t\t<\/label>\n\t\t\t\t\t\t\t\t\t\t\t\t\t\t<input size=\"1\" type=\"email\" name=\"form_fields[email]\" id=\"form-field-email\" class=\"elementor-field elementor-size-md  elementor-field-textual\" placeholder=\"Env\u00eda un correo electr\u00f3nico a\" required=\"required\">\n\t\t\t\t\t\t\t\t\t\t\t<\/div>\n\t\t\t\t\t\t\t\t<div class=\"elementor-field-type-text elementor-field-group elementor-column elementor-field-group-field_caf3338 elementor-col-50 elementor-field-required\">\n\t\t\t\t\t\t\t\t\t\t\t\t<label for=\"form-field-field_caf3338\" class=\"elementor-field-label elementor-screen-only\">\n\t\t\t\t\t\t\t\tEmpresa\t\t\t\t\t\t\t<\/label>\n\t\t\t\t\t\t\t\t\t\t\t\t\t\t<input size=\"1\" type=\"text\" name=\"form_fields[field_caf3338]\" id=\"form-field-field_caf3338\" class=\"elementor-field elementor-size-md  elementor-field-textual\" placeholder=\"Empresa\" required=\"required\">\n\t\t\t\t\t\t\t\t\t\t\t<\/div>\n\t\t\t\t\t\t\t\t<div class=\"elementor-field-type-textarea elementor-field-group elementor-column elementor-field-group-message elementor-col-100\">\n\t\t\t\t\t\t\t\t\t\t\t\t<label for=\"form-field-message\" class=\"elementor-field-label elementor-screen-only\">\n\t\t\t\t\t\t\t\tMensaje\t\t\t\t\t\t\t<\/label>\n\t\t\t\t\t\t<textarea class=\"elementor-field-textual elementor-field  elementor-size-md\" name=\"form_fields[message]\" id=\"form-field-message\" rows=\"6\" placeholder=\"Mensaje\"><\/textarea>\t\t\t\t<\/div>\n\t\t\t\t\t\t\t\t<div class=\"elementor-field-type-recaptcha_v3 elementor-field-group elementor-column elementor-field-group-field_799cec1 elementor-col-100 recaptcha_v3-bottomleft\">\n\t\t\t\t\t<div class=\"elementor-field\" id=\"form-field-field_799cec1\"><div class=\"elementor-g-recaptcha\" data-sitekey=\"6LcKCUEsAAAAAFvnHiIGnoAaCrFPr2b0lW2ulcfb\" data-type=\"v3\" data-action=\"Form\" data-badge=\"bottomleft\" data-size=\"invisible\"><\/div><\/div>\t\t\t\t<\/div>\n\t\t\t\t\t\t\t\t<div class=\"elementor-field-group elementor-column elementor-field-type-submit elementor-col-100 e-form__buttons\">\n\t\t\t\t\t<button class=\"elementor-button elementor-size-sm\" type=\"submit\">\n\t\t\t\t\t\t<span class=\"elementor-button-content-wrapper\">\n\t\t\t\t\t\t\t\t\t\t\t\t\t\t\t\t\t\t\t\t\t\t<span class=\"elementor-button-text\">ENVIAR MENSAJE<\/span>\n\t\t\t\t\t\t\t\t\t\t\t\t\t<\/span>\n\t\t\t\t\t<\/button>\n\t\t\t\t<\/div>\n\t\t\t<\/div>\n\t\t<\/form>\n\t\t\t\t\t\t<\/div>\n\t\t\t\t<\/div>\n\t\t\t\t\t<\/div>\n\t\t\t\t<\/div>\n\t\t<div class=\"elementor-element elementor-element-fbe5761 e-flex e-con-boxed e-con e-parent\" data-id=\"fbe5761\" data-element_type=\"container\" data-e-type=\"container\" data-settings=\"{&quot;background_background&quot;:&quot;classic&quot;}\">\n\t\t\t\t\t<div class=\"e-con-inner\">\n\t\t<div class=\"elementor-element elementor-element-b4e3c97 e-con-full e-grid e-con e-child\" data-id=\"b4e3c97\" data-element_type=\"container\" data-e-type=\"container\">\n\t\t\t\t<div class=\"elementor-element elementor-element-cee1b35 elementor-widget elementor-widget-text-editor\" data-id=\"cee1b35\" data-element_type=\"widget\" data-e-type=\"widget\" data-widget_type=\"text-editor.default\">\n\t\t\t\t\t\t\t\t\t<p><strong>Oficina central y laboratorio<\/strong><br>Suite 200 &#8211; 30 East 6th Avenue Vancouver, BC Canada V5T 1J4<br>T: +1 604 685 1243<br>F: +1 604 685 7778<br><a href=\"mailto:info@bqewater.com\">info@bqewater.com<\/a><\/p>\t\t\t\t\t\t\t\t<\/div>\n\t\t\t\t<div class=\"elementor-element elementor-element-b8883ca elementor-widget elementor-widget-text-editor\" data-id=\"b8883ca\" data-element_type=\"widget\" data-e-type=\"widget\" data-widget_type=\"text-editor.default\">\n\t\t\t\t\t\t\t\t\t<p><strong>China<\/strong><\/p><p class=\"x_MsoNormal\"><span data-olk-copy-source=\"MessageBody\">Oficina 512, 5\u00aa Planta, Edificio A, n\u00ba 58 de Qiuyi Road, Subdistrito de Changhe, Distrito de Binjiang, Hangzhou, Provincia de Zhejiang, China<\/span><\/p><p class=\"x_MsoNormal\"><span lang=\"EN-US\">\u6d59\u6c5f\u7701\u676d\u5dde\u5e02<\/span><span lang=\"EN-US\">\u6ee8\u6c5f\u533a\u957f\u6cb3\u8857\u9053\u79cb\u6ea2\u8def<\/span>58<span lang=\"EN-US\">\u53f7<\/span>A<span lang=\"EN-US\">\u5e62\u4e94<\/span><span lang=\"EN-US\">\u5c42<\/span>512<span lang=\"EN-US\">\u5ba4<\/span><\/p><p><a href=\"mailto:infochina@bqewater.com\">infochina@bqewater.com<\/a><\/p>\t\t\t\t\t\t\t\t<\/div>\n\t\t\t\t<div class=\"elementor-element elementor-element-1a55a2c elementor-widget elementor-widget-text-editor\" data-id=\"1a55a2c\" data-element_type=\"widget\" data-e-type=\"widget\" data-widget_type=\"text-editor.default\">\n\t\t\t\t\t\t\t\t\t<p><strong>Chile<\/strong><\/p><p class=\"pf0\"><span data-teams=\"true\">Suecia 211, Oficina 1601, Providencia, Santiago, Chile<\/span><\/p><p><span data-teams=\"true\">+562 2896 9700  <\/span><\/p><p><a href=\"mailto:infochile@bqewater.com\">infochile@bqewater.com<\/a><\/p>\t\t\t\t\t\t\t\t<\/div>\n\t\t\t\t<div class=\"elementor-element elementor-element-062e429 elementor-widget elementor-widget-text-editor\" data-id=\"062e429\" data-element_type=\"widget\" data-e-type=\"widget\" data-widget_type=\"text-editor.default\">\n\t\t\t\t\t\t\t\t\t<p><strong>Relaciones con los inversores<\/strong><br>T: +1 800 537 3073<br><a href=\"mailto:investor@bqewater.com\">investor@bqewater.com<\/a><br>Inscr\u00edbete para recibir actualizaciones <a href=\"https:\/\/mailchi.mp\/228d57cf4b0e\/bqewateremailsignup\" target=\"_blank\" rel=\"noopener\">aqu\u00ed<\/a><\/p>\t\t\t\t\t\t\t\t<\/div>\n\t\t\t\t<\/div>\n\t\t\t\t\t<\/div>\n\t\t\t\t<\/div>\n\t\t\t\t<\/div>\n\t\t","protected":false},"excerpt":{"rendered":"<p>D\u00cd HOLA Ponte en contacto con BQE Water para saber c\u00f3mo nuestra experiencia puede apoyar tu proyecto. Si tienes preguntas, necesitas orientaci\u00f3n o est\u00e1s dispuesto a colaborar, nuestro equipo est\u00e1 aqu\u00ed para ayudarte. CONTACTO NOS ENCANTAR\u00cdA SABER DE TI Utiliza el siguiente formulario para ponerte en contacto con nuestro equipo, o env\u00edanos un correo electr\u00f3nico [&hellip;]<\/p>\n","protected":false},"author":2,"featured_media":0,"parent":0,"menu_order":0,"comment_status":"closed","ping_status":"closed","template":"","meta":{"_acf_changed":false,"footnotes":""},"class_list":["post-10764","page","type-page","status-publish","hentry"],"acf":[],"yoast_head":"<!-- This site is optimized with the Yoast SEO plugin v27.4 - https:\/\/yoast.com\/product\/yoast-seo-wordpress\/ -->\n<title>Contacto - BQE Water<\/title>\n<meta name=\"robots\" content=\"index, follow, max-snippet:-1, max-image-preview:large, max-video-preview:-1\" \/>\n<link rel=\"canonical\" href=\"https:\/\/bqewater.com\/es\/ponte-en-contacto-con\/\" \/>\n<meta property=\"og:locale\" content=\"es_ES\" \/>\n<meta property=\"og:type\" content=\"article\" \/>\n<meta property=\"og:title\" content=\"Contacto - BQE Water\" \/>\n<meta property=\"og:description\" content=\"D\u00cd HOLA Ponte en contacto con BQE Water para saber c\u00f3mo nuestra experiencia puede apoyar tu proyecto. Si tienes preguntas, necesitas orientaci\u00f3n o est\u00e1s dispuesto a colaborar, nuestro equipo est\u00e1 aqu\u00ed para ayudarte. CONTACTO NOS ENCANTAR\u00cdA SABER DE TI Utiliza el siguiente formulario para ponerte en contacto con nuestro equipo, o env\u00edanos un correo electr\u00f3nico [&hellip;]\" \/>\n<meta property=\"og:url\" content=\"https:\/\/bqewater.com\/es\/ponte-en-contacto-con\/\" \/>\n<meta property=\"og:site_name\" content=\"BQE Water\" \/>\n<meta property=\"article:modified_time\" content=\"2026-03-16T16:38:23+00:00\" \/>\n<meta name=\"twitter:card\" content=\"summary_large_image\" \/>\n<meta name=\"twitter:label1\" content=\"Tiempo de lectura\" \/>\n\t<meta name=\"twitter:data1\" content=\"1 minuto\" \/>\n<script type=\"application\/ld+json\" class=\"yoast-schema-graph\">{\"@context\":\"https:\\\/\\\/schema.org\",\"@graph\":[{\"@type\":\"WebPage\",\"@id\":\"https:\\\/\\\/bqewater.com\\\/es\\\/ponte-en-contacto-con\\\/\",\"url\":\"https:\\\/\\\/bqewater.com\\\/es\\\/ponte-en-contacto-con\\\/\",\"name\":\"Contacto - BQE Water\",\"isPartOf\":{\"@id\":\"https:\\\/\\\/bqewater.com\\\/es\\\/#website\"},\"datePublished\":\"2024-11-18T23:51:10+00:00\",\"dateModified\":\"2026-03-16T16:38:23+00:00\",\"breadcrumb\":{\"@id\":\"https:\\\/\\\/bqewater.com\\\/es\\\/ponte-en-contacto-con\\\/#breadcrumb\"},\"inLanguage\":\"es\",\"potentialAction\":[{\"@type\":\"ReadAction\",\"target\":[\"https:\\\/\\\/bqewater.com\\\/es\\\/ponte-en-contacto-con\\\/\"]}]},{\"@type\":\"BreadcrumbList\",\"@id\":\"https:\\\/\\\/bqewater.com\\\/es\\\/ponte-en-contacto-con\\\/#breadcrumb\",\"itemListElement\":[{\"@type\":\"ListItem\",\"position\":1,\"name\":\"Home\",\"item\":\"https:\\\/\\\/bqewater.com\\\/es\\\/inicio\\\/\"},{\"@type\":\"ListItem\",\"position\":2,\"name\":\"Ponte en contacto con\"}]},{\"@type\":\"WebSite\",\"@id\":\"https:\\\/\\\/bqewater.com\\\/es\\\/#website\",\"url\":\"https:\\\/\\\/bqewater.com\\\/es\\\/\",\"name\":\"BQE Water\",\"description\":\"Stewardship over water\",\"potentialAction\":[{\"@type\":\"SearchAction\",\"target\":{\"@type\":\"EntryPoint\",\"urlTemplate\":\"https:\\\/\\\/bqewater.com\\\/es\\\/?s={search_term_string}\"},\"query-input\":{\"@type\":\"PropertyValueSpecification\",\"valueRequired\":true,\"valueName\":\"search_term_string\"}}],\"inLanguage\":\"es\"}]}<\/script>\n<!-- \/ Yoast SEO plugin. -->","yoast_head_json":{"title":"Contacto - BQE Water","robots":{"index":"index","follow":"follow","max-snippet":"max-snippet:-1","max-image-preview":"max-image-preview:large","max-video-preview":"max-video-preview:-1"},"canonical":"https:\/\/bqewater.com\/es\/ponte-en-contacto-con\/","og_locale":"es_ES","og_type":"article","og_title":"Contacto - BQE Water","og_description":"D\u00cd HOLA Ponte en contacto con BQE Water para saber c\u00f3mo nuestra experiencia puede apoyar tu proyecto. Si tienes preguntas, necesitas orientaci\u00f3n o est\u00e1s dispuesto a colaborar, nuestro equipo est\u00e1 aqu\u00ed para ayudarte. CONTACTO NOS ENCANTAR\u00cdA SABER DE TI Utiliza el siguiente formulario para ponerte en contacto con nuestro equipo, o env\u00edanos un correo electr\u00f3nico [&hellip;]","og_url":"https:\/\/bqewater.com\/es\/ponte-en-contacto-con\/","og_site_name":"BQE Water","article_modified_time":"2026-03-16T16:38:23+00:00","twitter_card":"summary_large_image","twitter_misc":{"Tiempo de lectura":"1 minuto"},"schema":{"@context":"https:\/\/schema.org","@graph":[{"@type":"WebPage","@id":"https:\/\/bqewater.com\/es\/ponte-en-contacto-con\/","url":"https:\/\/bqewater.com\/es\/ponte-en-contacto-con\/","name":"Contacto - BQE Water","isPartOf":{"@id":"https:\/\/bqewater.com\/es\/#website"},"datePublished":"2024-11-18T23:51:10+00:00","dateModified":"2026-03-16T16:38:23+00:00","breadcrumb":{"@id":"https:\/\/bqewater.com\/es\/ponte-en-contacto-con\/#breadcrumb"},"inLanguage":"es","potentialAction":[{"@type":"ReadAction","target":["https:\/\/bqewater.com\/es\/ponte-en-contacto-con\/"]}]},{"@type":"BreadcrumbList","@id":"https:\/\/bqewater.com\/es\/ponte-en-contacto-con\/#breadcrumb","itemListElement":[{"@type":"ListItem","position":1,"name":"Home","item":"https:\/\/bqewater.com\/es\/inicio\/"},{"@type":"ListItem","position":2,"name":"Ponte en contacto con"}]},{"@type":"WebSite","@id":"https:\/\/bqewater.com\/es\/#website","url":"https:\/\/bqewater.com\/es\/","name":"BQE Water","description":"Stewardship over water","potentialAction":[{"@type":"SearchAction","target":{"@type":"EntryPoint","urlTemplate":"https:\/\/bqewater.com\/es\/?s={search_term_string}"},"query-input":{"@type":"PropertyValueSpecification","valueRequired":true,"valueName":"search_term_string"}}],"inLanguage":"es"}]}},"_links":{"self":[{"href":"https:\/\/bqewater.com\/es\/wp-json\/wp\/v2\/pages\/10764","targetHints":{"allow":["GET"]}}],"collection":[{"href":"https:\/\/bqewater.com\/es\/wp-json\/wp\/v2\/pages"}],"about":[{"href":"https:\/\/bqewater.com\/es\/wp-json\/wp\/v2\/types\/page"}],"author":[{"embeddable":true,"href":"https:\/\/bqewater.com\/es\/wp-json\/wp\/v2\/users\/2"}],"replies":[{"embeddable":true,"href":"https:\/\/bqewater.com\/es\/wp-json\/wp\/v2\/comments?post=10764"}],"version-history":[{"count":0,"href":"https:\/\/bqewater.com\/es\/wp-json\/wp\/v2\/pages\/10764\/revisions"}],"wp:attachment":[{"href":"https:\/\/bqewater.com\/es\/wp-json\/wp\/v2\/media?parent=10764"}],"curies":[{"name":"wp","href":"https:\/\/api.w.org\/{rel}","templated":true}]}}