{"id":10790,"date":"2025-07-28T15:41:27","date_gmt":"2025-07-28T23:41:27","guid":{"rendered":"https:\/\/bqe-water.local\/historia\/"},"modified":"2026-03-06T13:45:46","modified_gmt":"2026-03-06T21:45:46","slug":"historia","status":"publish","type":"page","link":"https:\/\/bqewater.com\/es\/historia\/","title":{"rendered":"Historia"},"content":{"rendered":"\t\t<div data-elementor-type=\"wp-page\" data-elementor-id=\"10790\" class=\"elementor elementor-10790 elementor-10492\" data-elementor-post-type=\"page\">\n\t\t\t\t<div data-dce-background-color=\"#F4F4F400\" data-dce-background-image-url=\"https:\/\/bqewater.com\/wp-content\/uploads\/2024\/11\/IMG_20191013_124931-1.jpg\" class=\"elementor-element elementor-element-e6d003e e-flex e-con-boxed e-con e-parent\" data-id=\"e6d003e\" data-element_type=\"container\" data-e-type=\"container\" data-settings=\"{&quot;shape_divider_bottom&quot;:&quot;triangle&quot;,&quot;shape_divider_bottom_negative&quot;:&quot;yes&quot;,&quot;background_background&quot;:&quot;classic&quot;}\">\n\t\t\t\t\t<div class=\"e-con-inner\">\n\t\t\t\t<div class=\"elementor-shape elementor-shape-bottom\" aria-hidden=\"true\" data-negative=\"true\">\n\t\t\t<svg xmlns=\"http:\/\/www.w3.org\/2000\/svg\" viewBox=\"0 0 1000 100\" preserveAspectRatio=\"none\">\n\t<path class=\"elementor-shape-fill\" d=\"M500.2,94.7L0,0v100h1000V0L500.2,94.7z\"\/>\n<\/svg>\t\t<\/div>\n\t\t<div data-dce-background-color=\"#0000004D\" class=\"elementor-element elementor-element-8b56a11 e-con-full e-flex e-con e-child\" data-id=\"8b56a11\" data-element_type=\"container\" data-e-type=\"container\" data-settings=\"{&quot;background_background&quot;:&quot;classic&quot;,&quot;motion_fx_motion_fx_scrolling&quot;:&quot;yes&quot;,&quot;motion_fx_translateY_effect&quot;:&quot;yes&quot;,&quot;motion_fx_translateY_direction&quot;:&quot;negative&quot;,&quot;motion_fx_translateY_speed&quot;:{&quot;unit&quot;:&quot;px&quot;,&quot;size&quot;:1,&quot;sizes&quot;:[]},&quot;motion_fx_translateY_affectedRange&quot;:{&quot;unit&quot;:&quot;%&quot;,&quot;size&quot;:&quot;&quot;,&quot;sizes&quot;:{&quot;start&quot;:0,&quot;end&quot;:100}},&quot;motion_fx_devices&quot;:[&quot;desktop&quot;,&quot;tablet_extra&quot;,&quot;tablet&quot;,&quot;mobile&quot;]}\">\n\t\t\t\t<div class=\"elementor-element elementor-element-7f6d0b1 elementor-widget elementor-widget-text-editor\" data-id=\"7f6d0b1\" data-element_type=\"widget\" data-e-type=\"widget\" data-widget_type=\"text-editor.default\">\n\t\t\t\t\t\t\t\t\t<p>Conoce a las personas, la finalidad y los principios que sustentan nuestro trabajo. Descubre nuestra historia, los sectores a los que servimos y la estrategia que impulsa nuestro impacto, desde nuestros or\u00edgenes hasta nuestra visi\u00f3n de futuro. <\/p>\t\t\t\t\t\t\t\t<\/div>\n\t\t\t\t<div data-dce-title-color=\"#F9D74B\" class=\"elementor-element elementor-element-2006b04 elementor-widget elementor-widget-heading\" data-id=\"2006b04\" data-element_type=\"widget\" data-e-type=\"widget\" data-widget_type=\"heading.default\">\n\t\t\t\t\t<h1 class=\"elementor-heading-title elementor-size-default\">NUESTRA HISTORIA<\/h1>\t\t\t\t<\/div>\n\t\t\t\t<\/div>\n\t\t\t\t\t<\/div>\n\t\t\t\t<\/div>\n\t\t<div class=\"elementor-element elementor-element-f2e840f e-flex e-con-boxed e-con e-parent\" data-id=\"f2e840f\" data-element_type=\"container\" data-e-type=\"container\">\n\t\t\t\t\t<div class=\"e-con-inner\">\n\t\t\t\t<div class=\"elementor-element elementor-element-0ddb13d elementor-widget elementor-widget-timeline-widget-addon\" data-id=\"0ddb13d\" data-element_type=\"widget\" data-e-type=\"widget\" data-widget_type=\"timeline-widget-addon.default\">\n\t\t\t\t<div class=\"elementor-widget-container\">\n\t\t\t\t\t<!-- ========= Timeline Widget Pro For Elementor 2.4.4 ========= --><div id=\"twae-wrapper-0ddb13d\" class=\"twae-vertical twae-wrapper twae-both-sided style-1 twae-bg-simple\" data-style=\"style-1\" data-enable-popup=\"no\" data-line-filling=\"on\">    <div class=\"twae-start\"><\/div>    <div class=\"twae-line twae-timeline\" ><div id=\"twae-a38e0de\" class=\"twae-story elementor-repeater-item-a38e0de twae-repeater-item twae-story-right twae-story-icon\"><div class=\"twae-labels \" data-aos=\"fade\"><div class=\"twae-label-big\">2000<\/div><\/div><div class=\"twae-icon\"><i aria-hidden=\"true\" class=\"xlio ion-ios-water\"><\/i><\/div><div class=\"twae-arrow\" ><\/div><div class=\"twae-content\"  data-aos=\"fade\"><div class=\"twae-description\"><h2>La empresa se registra en BC como BioteQ Environmental Inc<\/h2>\n<\/div><\/div><\/div><div id=\"twae-ac4eff5\" class=\"twae-story elementor-repeater-item-ac4eff5 twae-repeater-item twae-story-left twae-story-icon\"><div class=\"twae-labels \" data-aos=\"fade\"><div class=\"twae-label-big\">2001<\/div><\/div><div class=\"twae-icon\"><i aria-hidden=\"true\" class=\"xlio ion-ios-water\"><\/i><\/div><div class=\"twae-arrow\" ><\/div><div class=\"twae-content\"  data-aos=\"fade\"><div class=\"twae-description\"><h2>El actual Director General se incorpora a la empresa como Director de Ingenier\u00eda<\/h2>\n<\/div><\/div><\/div><div id=\"twae-424a81a\" class=\"twae-story elementor-repeater-item-424a81a twae-repeater-item twae-story-right twae-story-icon\"><div class=\"twae-labels \" data-aos=\"fade\"><div class=\"twae-label-big\">2002<\/div><\/div><div class=\"twae-icon\"><i aria-hidden=\"true\" class=\"xlio ion-ios-water\"><\/i><\/div><div class=\"twae-arrow\" ><\/div><div class=\"twae-content\"  data-aos=\"fade\"><div class=\"twae-description\"><h2>Primera planta que trata AMD y recupera zinc como subproducto valioso en Canad\u00e1<\/h2>\n<\/div><\/div><\/div><div id=\"twae-8519684\" class=\"twae-story elementor-repeater-item-8519684 twae-repeater-item twae-story-left twae-story-icon\"><div class=\"twae-labels \" data-aos=\"fade\"><div class=\"twae-label-big\">2004<\/div><\/div><div class=\"twae-icon\"><i aria-hidden=\"true\" class=\"xlio ion-ios-water\"><\/i><\/div><div class=\"twae-arrow\" ><\/div><div class=\"twae-content\"  data-aos=\"fade\"><div class=\"twae-description\"><h2>La planta que elimina los lodos residuales empieza a tratar el agua influida por la mina de Raglan<\/h2>\n<\/div><\/div><\/div><div id=\"twae-9d46692\" class=\"twae-story elementor-repeater-item-9d46692 twae-repeater-item twae-story-right twae-story-icon\"><div class=\"twae-labels \" data-aos=\"fade\"><div class=\"twae-label-big\">2004<\/div><\/div><div class=\"twae-icon\"><i aria-hidden=\"true\" class=\"xlio ion-ios-water\"><\/i><\/div><div class=\"twae-arrow\" ><\/div><div class=\"twae-content\"  data-aos=\"fade\"><div class=\"twae-description\"><h2>Entra en funcionamiento la planta de biosulfuro que reduce el coste de cierre de la operaci\u00f3n de lixiviaci\u00f3n en EE.UU.<\/h2>\n<\/div><\/div><\/div><div id=\"twae-533f1dd\" class=\"twae-story elementor-repeater-item-533f1dd twae-repeater-item twae-story-left twae-story-icon\"><div class=\"twae-icon\"><i aria-hidden=\"true\" class=\"xlio ion-ios-water\"><\/i><\/div><div class=\"twae-arrow\" ><\/div><div class=\"twae-content\"  data-aos=\"fade\"><div class=\"twae-description\"><h2>Songlin Ye se une a BQE.<\/h2>\n<\/div><\/div><\/div><div id=\"twae-f6ca309\" class=\"twae-story elementor-repeater-item-f6ca309 twae-repeater-item twae-story-right twae-story-icon\"><div class=\"twae-labels \" data-aos=\"fade\"><div class=\"twae-label-big\">2007<\/div><\/div><div class=\"twae-icon\"><i aria-hidden=\"true\" class=\"xlio ion-ios-water\"><\/i><\/div><div class=\"twae-arrow\" ><\/div><div class=\"twae-content\"  data-aos=\"fade\"><div class=\"twae-description\"><h2>Daniel Cook se une a BQE.  <\/h2>\n<\/div><\/div><\/div><div id=\"twae-cf935b8\" class=\"twae-story elementor-repeater-item-cf935b8 twae-repeater-item twae-story-left twae-story-icon\"><div class=\"twae-labels \" data-aos=\"fade\"><div class=\"twae-label-big\">2007<\/div><\/div><div class=\"twae-icon\"><i aria-hidden=\"true\" class=\"xlio ion-ios-water\"><\/i><\/div><div class=\"twae-arrow\" ><\/div><div class=\"twae-content\"  data-aos=\"fade\"><div class=\"twae-description\"><h2>BQE forma una empresa conjunta con Jiangxi Copper<\/h2>\n<\/div><\/div><\/div><div id=\"twae-14d7192\" class=\"twae-story elementor-repeater-item-14d7192 twae-repeater-item twae-story-right twae-story-icon\"><div class=\"twae-labels \" data-aos=\"fade\"><div class=\"twae-label-big\">2008<\/div><\/div><div class=\"twae-icon\"><i aria-hidden=\"true\" class=\"xlio ion-ios-water\"><\/i><\/div><div class=\"twae-arrow\" ><\/div><div class=\"twae-content\"  data-aos=\"fade\"><div class=\"twae-description\"><h2>Comienza a funcionar la primera planta de tratamiento de drenaje de minas con recuperaci\u00f3n simult\u00e1nea de cobre en la mina Dexing de China  <\/h2>\n<\/div><\/div><\/div><div id=\"twae-952a246\" class=\"twae-story elementor-repeater-item-952a246 twae-repeater-item twae-story-left twae-story-icon\"><div class=\"twae-labels \" data-aos=\"fade\"><div class=\"twae-label-big\">2008<\/div><\/div><div class=\"twae-icon\"><i aria-hidden=\"true\" class=\"xlio ion-ios-water\"><\/i><\/div><div class=\"twae-arrow\" ><\/div><div class=\"twae-content\"  data-aos=\"fade\"><div class=\"twae-description\"><h2>BQE construye y pone en marcha la primera planta SART de Norteam\u00e9rica<\/h2>\n<\/div><\/div><\/div><div id=\"twae-9a5dc2a\" class=\"twae-story elementor-repeater-item-9a5dc2a twae-repeater-item twae-story-right twae-story-icon\"><div class=\"twae-labels \" data-aos=\"fade\"><div class=\"twae-label-big\">2009<\/div><\/div><div class=\"twae-icon\"><i aria-hidden=\"true\" class=\"xlio ion-ios-water\"><\/i><\/div><div class=\"twae-arrow\" ><\/div><div class=\"twae-content\"  data-aos=\"fade\"><div class=\"twae-description\"><h2>\u00c9xito del tratamiento r\u00e1pido a cielo abierto de respuesta de emergencia en la mina Minto.<\/h2>\n<\/div><\/div><\/div><div id=\"twae-086f8e9\" class=\"twae-story elementor-repeater-item-086f8e9 twae-repeater-item twae-story-left twae-story-icon\"><div class=\"twae-icon\"><i aria-hidden=\"true\" class=\"xlio ion-ios-water\"><\/i><\/div><div class=\"twae-arrow\" ><\/div><div class=\"twae-content\"  data-aos=\"fade\"><div class=\"twae-description\"><h2>BQE abre una oficina para Sudam\u00e9rica en Santiago de Chile.<\/h2>\n<\/div><\/div><\/div><div id=\"twae-7834aa9\" class=\"twae-story elementor-repeater-item-7834aa9 twae-repeater-item twae-story-right twae-story-icon\"><div class=\"twae-labels \" data-aos=\"fade\"><div class=\"twae-label-big\">2010<\/div><\/div><div class=\"twae-icon\"><i aria-hidden=\"true\" class=\"xlio ion-ios-water\"><\/i><\/div><div class=\"twae-arrow\" ><\/div><div class=\"twae-content\"  data-aos=\"fade\"><div class=\"twae-description\"><h2>Brent Baker se une a BQE.  <\/h2>\n<\/div><\/div><\/div><div id=\"twae-d71229a\" class=\"twae-story elementor-repeater-item-d71229a twae-repeater-item twae-story-left twae-story-icon\"><div class=\"twae-labels \" data-aos=\"fade\"><div class=\"twae-label-big\">2012<\/div><\/div><div class=\"twae-icon\"><i aria-hidden=\"true\" class=\"xlio ion-ios-water\"><\/i><\/div><div class=\"twae-arrow\" ><\/div><div class=\"twae-content\"  data-aos=\"fade\"><div class=\"twae-description\"><h2>Comienza el desarrollo de Selen-IX en una campa\u00f1a de pruebas de concepto en laboratorio<\/h2>\n<\/div><\/div><\/div><div id=\"twae-ee21eb2\" class=\"twae-story elementor-repeater-item-ee21eb2 twae-repeater-item twae-story-right twae-story-icon\"><div class=\"twae-labels \" data-aos=\"fade\"><div class=\"twae-label-big\">2012<\/div><\/div><div class=\"twae-icon\"><i aria-hidden=\"true\" class=\"xlio ion-ios-water\"><\/i><\/div><div class=\"twae-arrow\" ><\/div><div class=\"twae-content\"  data-aos=\"fade\"><div class=\"twae-description\"><h2>Peter Gleeson se incorpora al Consejo  <\/h2>\n<\/div><\/div><\/div><div id=\"twae-cfab8e4\" class=\"twae-story elementor-repeater-item-cfab8e4 twae-repeater-item twae-story-left twae-story-icon\"><div class=\"twae-labels \" data-aos=\"fade\"><div class=\"twae-label-big\">2013<\/div><\/div><div class=\"twae-icon\"><i aria-hidden=\"true\" class=\"xlio ion-ios-water\"><\/i><\/div><div class=\"twae-arrow\" ><\/div><div class=\"twae-content\"  data-aos=\"fade\"><div class=\"twae-description\"><h2>Finalizaci\u00f3n de la comercializaci\u00f3n de la eliminaci\u00f3n de sulfatos mediante el IX selectivo (Sulf-IX)<\/h2>\n<\/div><\/div><\/div><div id=\"twae-0e3c137\" class=\"twae-story elementor-repeater-item-0e3c137 twae-repeater-item twae-story-right twae-story-icon\"><div class=\"twae-labels \" data-aos=\"fade\"><div class=\"twae-label-big\">2015<\/div><\/div><div class=\"twae-icon\"><i aria-hidden=\"true\" class=\"xlio ion-ios-water\"><\/i><\/div><div class=\"twae-arrow\" ><\/div><div class=\"twae-content\"  data-aos=\"fade\"><div class=\"twae-description\"><h2>El \u00e9xito del piloto Selen-IX permite a KSM obtener el certificado de Evaluaci\u00f3n Medioambiental<\/h2>\n<\/div><\/div><\/div><div id=\"twae-5422fa7\" class=\"twae-story elementor-repeater-item-5422fa7 twae-repeater-item twae-story-left twae-story-icon\"><div class=\"twae-icon\"><i aria-hidden=\"true\" class=\"xlio ion-ios-water\"><\/i><\/div><div class=\"twae-arrow\" ><\/div><div class=\"twae-content\"  data-aos=\"fade\"><div class=\"twae-description\"><h2>BQE abre una oficina asi\u00e1tica en Hangzhou.<\/h2>\n<\/div><\/div><\/div><div id=\"twae-33d079e\" class=\"twae-story elementor-repeater-item-33d079e twae-repeater-item twae-story-right twae-story-icon\"><div class=\"twae-labels \" data-aos=\"fade\"><div class=\"twae-label-big\">2020<\/div><\/div><div class=\"twae-icon\"><i aria-hidden=\"true\" class=\"xlio ion-ios-water\"><\/i><\/div><div class=\"twae-arrow\" ><\/div><div class=\"twae-content\"  data-aos=\"fade\"><div class=\"twae-description\"><h2>Se construye la primera Selen-IX y se completa la prueba de rendimiento alcanzando niveles de Se inferiores a 2 ppb (2020).<\/h2>\n<\/div><\/div><\/div><div id=\"twae-542b478\" class=\"twae-story elementor-repeater-item-542b478 twae-repeater-item twae-story-left twae-story-icon\"><div class=\"twae-labels \" data-aos=\"fade\"><div class=\"twae-label-big\">2020<\/div><\/div><div class=\"twae-icon\"><i aria-hidden=\"true\" class=\"xlio ion-ios-water\"><\/i><\/div><div class=\"twae-arrow\" ><\/div><div class=\"twae-content\"  data-aos=\"fade\"><div class=\"twae-description\"><h2>Comienza la asociaci\u00f3n de BQE con las comunidades inuit.<\/h2>\n<\/div><\/div><\/div><div id=\"twae-f004792\" class=\"twae-story elementor-repeater-item-f004792 twae-repeater-item twae-story-right twae-story-icon\"><div class=\"twae-labels \" data-aos=\"fade\"><div class=\"twae-label-big\">2021<\/div><\/div><div class=\"twae-icon\"><i aria-hidden=\"true\" class=\"xlio ion-ios-water\"><\/i><\/div><div class=\"twae-arrow\" ><\/div><div class=\"twae-content\"  data-aos=\"fade\"><div class=\"twae-description\"><h2>Comienza la Asociaci\u00f3n BQE Selkirk.<\/h2>\n<\/div><\/div><\/div><div id=\"twae-fafee6c\" class=\"twae-story elementor-repeater-item-fafee6c twae-repeater-item twae-story-left twae-story-icon\"><div class=\"twae-labels \" data-aos=\"fade\"><div class=\"twae-label-big\">2024<\/div><\/div><div class=\"twae-icon\"><i aria-hidden=\"true\" class=\"xlio ion-ios-water\"><\/i><\/div><div class=\"twae-arrow\" ><\/div><div class=\"twae-content\"  data-aos=\"fade\"><div class=\"twae-description\"><h2>Comienza la asociaci\u00f3n BQE Na-Cho Nyak Dun<\/h2>\n<\/div><\/div><\/div><div class=\"twae-inner-line\"><\/div><\/div>\r\n<div class=\"twae-end\"><\/div>   \r\n<\/div><style type=\"text\/css\">@media (max-width: 1024px){ .twae-vertical.twae-wrapper{--tw-ybx-size: 80px !important;}}@media (max-width: 767px){ .twae-vertical.twae-wrapper{--tw-ybx-size: 80px !important}}<\/style>\t\t\t\t<\/div>\n\t\t\t\t<\/div>\n\t\t\t\t\t<\/div>\n\t\t\t\t<\/div>\n\t\t<div class=\"elementor-element elementor-element-62b434c e-flex e-con-boxed e-con e-parent\" data-id=\"62b434c\" data-element_type=\"container\" data-e-type=\"container\">\n\t\t\t\t\t<div class=\"e-con-inner\">\n\t\t\t\t<div class=\"elementor-element elementor-element-12c01f2 elementor-widget elementor-widget-heading\" data-id=\"12c01f2\" data-element_type=\"widget\" data-e-type=\"widget\" data-widget_type=\"heading.default\">\n\t\t\t\t\t<h2 class=\"elementor-heading-title elementor-size-default\">PROPIEDAD INTELECTUAL<\/h2>\t\t\t\t<\/div>\n\t\t\t\t<div class=\"elementor-element elementor-element-9810ebd elementor-widget elementor-widget-text-editor\" data-id=\"9810ebd\" data-element_type=\"widget\" data-e-type=\"widget\" data-widget_type=\"text-editor.default\">\n\t\t\t\t\t\t\t\t\t<p>En el n\u00facleo de nuestras soluciones est\u00e1n los procesos de ingenier\u00eda qu\u00edmica patentados, dise\u00f1ados para afrontar los retos exclusivos del tratamiento del agua de mina. Estas tecnolog\u00edas innovadoras, desarrolladas internamente y respaldadas por una amplia investigaci\u00f3n, nos permiten tratar eficazmente flujos de residuos complejos y recuperar recursos valiosos. Nuestra propiedad intelectual es fundamental para ofrecer soluciones a medida que mejoren la eficacia operativa, reduzcan el impacto medioambiental y garanticen el cumplimiento de normativas estrictas. Explora nuestros procesos de vanguardia y descubre c\u00f3mo est\u00e1n dando forma al futuro de la gesti\u00f3n del agua en el sector minero.   <\/p>\t\t\t\t\t\t\t\t<\/div>\n\t\t\t\t<div class=\"elementor-element elementor-element-52dbb9b elementor-grid-4 elementor-grid-tablet-2 elementor-grid-mobile-1 elementor-widget elementor-widget-loop-grid\" data-id=\"52dbb9b\" data-element_type=\"widget\" data-e-type=\"widget\" data-settings=\"{&quot;template_id&quot;:10211,&quot;columns&quot;:4,&quot;row_gap&quot;:{&quot;unit&quot;:&quot;px&quot;,&quot;size&quot;:30,&quot;sizes&quot;:[]},&quot;_skin&quot;:&quot;post&quot;,&quot;columns_tablet&quot;:&quot;2&quot;,&quot;columns_mobile&quot;:&quot;1&quot;,&quot;edit_handle_selector&quot;:&quot;[data-elementor-type=\\&quot;loop-item\\&quot;]&quot;,&quot;row_gap_tablet_extra&quot;:{&quot;unit&quot;:&quot;px&quot;,&quot;size&quot;:&quot;&quot;,&quot;sizes&quot;:[]},&quot;row_gap_tablet&quot;:{&quot;unit&quot;:&quot;px&quot;,&quot;size&quot;:&quot;&quot;,&quot;sizes&quot;:[]},&quot;row_gap_mobile&quot;:{&quot;unit&quot;:&quot;px&quot;,&quot;size&quot;:&quot;&quot;,&quot;sizes&quot;:[]}}\" data-widget_type=\"loop-grid.post\">\n\t\t\t\t<div class=\"elementor-widget-container\">\n\t\t\t\t\t\t\t<div class=\"e-loop-nothing-found-message\">\n\t\t<\/div>\n\t\t\t\t\t\t<\/div>\n\t\t\t\t<\/div>\n\t\t\t\t\t<\/div>\n\t\t\t\t<\/div>\n\t\t\t\t<\/div>\n\t\t","protected":false},"excerpt":{"rendered":"<p>Conoce a las personas, la finalidad y los principios que sustentan nuestro trabajo. Descubre nuestra historia, los sectores a los que servimos y la estrategia que impulsa nuestro impacto, desde nuestros or\u00edgenes hasta nuestra visi\u00f3n de futuro. NUESTRA HISTORIA 2000 La empresa se registra en BC como BioteQ Environmental Inc 2001 El actual Director General [&hellip;]<\/p>\n","protected":false},"author":2,"featured_media":0,"parent":0,"menu_order":0,"comment_status":"closed","ping_status":"closed","template":"","meta":{"_acf_changed":false,"footnotes":""},"class_list":["post-10790","page","type-page","status-publish","hentry"],"acf":[],"yoast_head":"<!-- This site is optimized with the Yoast SEO plugin v27.4 - https:\/\/yoast.com\/product\/yoast-seo-wordpress\/ -->\n<title>Historia - BQE Water<\/title>\n<meta name=\"robots\" content=\"index, follow, max-snippet:-1, max-image-preview:large, max-video-preview:-1\" \/>\n<link rel=\"canonical\" href=\"https:\/\/bqewater.com\/es\/historia\/\" \/>\n<meta property=\"og:locale\" content=\"es_ES\" \/>\n<meta property=\"og:type\" content=\"article\" \/>\n<meta property=\"og:title\" content=\"Historia - BQE Water\" \/>\n<meta property=\"og:description\" content=\"Conoce a las personas, la finalidad y los principios que sustentan nuestro trabajo. Descubre nuestra historia, los sectores a los que servimos y la estrategia que impulsa nuestro impacto, desde nuestros or\u00edgenes hasta nuestra visi\u00f3n de futuro. NUESTRA HISTORIA 2000 La empresa se registra en BC como BioteQ Environmental Inc 2001 El actual Director General [&hellip;]\" \/>\n<meta property=\"og:url\" content=\"https:\/\/bqewater.com\/es\/historia\/\" \/>\n<meta property=\"og:site_name\" content=\"BQE Water\" \/>\n<meta property=\"article:modified_time\" content=\"2026-03-06T21:45:46+00:00\" \/>\n<meta name=\"twitter:card\" content=\"summary_large_image\" \/>\n<meta name=\"twitter:label1\" content=\"Tiempo de lectura\" \/>\n\t<meta name=\"twitter:data1\" content=\"2 minutos\" \/>\n<script type=\"application\/ld+json\" class=\"yoast-schema-graph\">{\"@context\":\"https:\\\/\\\/schema.org\",\"@graph\":[{\"@type\":\"WebPage\",\"@id\":\"https:\\\/\\\/bqewater.com\\\/es\\\/historia\\\/\",\"url\":\"https:\\\/\\\/bqewater.com\\\/es\\\/historia\\\/\",\"name\":\"Historia - BQE Water\",\"isPartOf\":{\"@id\":\"https:\\\/\\\/bqewater.com\\\/es\\\/#website\"},\"datePublished\":\"2025-07-28T23:41:27+00:00\",\"dateModified\":\"2026-03-06T21:45:46+00:00\",\"breadcrumb\":{\"@id\":\"https:\\\/\\\/bqewater.com\\\/es\\\/historia\\\/#breadcrumb\"},\"inLanguage\":\"es\",\"potentialAction\":[{\"@type\":\"ReadAction\",\"target\":[\"https:\\\/\\\/bqewater.com\\\/es\\\/historia\\\/\"]}]},{\"@type\":\"BreadcrumbList\",\"@id\":\"https:\\\/\\\/bqewater.com\\\/es\\\/historia\\\/#breadcrumb\",\"itemListElement\":[{\"@type\":\"ListItem\",\"position\":1,\"name\":\"Home\",\"item\":\"https:\\\/\\\/bqewater.com\\\/es\\\/inicio\\\/\"},{\"@type\":\"ListItem\",\"position\":2,\"name\":\"Historia\"}]},{\"@type\":\"WebSite\",\"@id\":\"https:\\\/\\\/bqewater.com\\\/es\\\/#website\",\"url\":\"https:\\\/\\\/bqewater.com\\\/es\\\/\",\"name\":\"BQE Water\",\"description\":\"Stewardship over water\",\"potentialAction\":[{\"@type\":\"SearchAction\",\"target\":{\"@type\":\"EntryPoint\",\"urlTemplate\":\"https:\\\/\\\/bqewater.com\\\/es\\\/?s={search_term_string}\"},\"query-input\":{\"@type\":\"PropertyValueSpecification\",\"valueRequired\":true,\"valueName\":\"search_term_string\"}}],\"inLanguage\":\"es\"}]}<\/script>\n<!-- \/ Yoast SEO plugin. -->","yoast_head_json":{"title":"Historia - BQE Water","robots":{"index":"index","follow":"follow","max-snippet":"max-snippet:-1","max-image-preview":"max-image-preview:large","max-video-preview":"max-video-preview:-1"},"canonical":"https:\/\/bqewater.com\/es\/historia\/","og_locale":"es_ES","og_type":"article","og_title":"Historia - BQE Water","og_description":"Conoce a las personas, la finalidad y los principios que sustentan nuestro trabajo. Descubre nuestra historia, los sectores a los que servimos y la estrategia que impulsa nuestro impacto, desde nuestros or\u00edgenes hasta nuestra visi\u00f3n de futuro. NUESTRA HISTORIA 2000 La empresa se registra en BC como BioteQ Environmental Inc 2001 El actual Director General [&hellip;]","og_url":"https:\/\/bqewater.com\/es\/historia\/","og_site_name":"BQE Water","article_modified_time":"2026-03-06T21:45:46+00:00","twitter_card":"summary_large_image","twitter_misc":{"Tiempo de lectura":"2 minutos"},"schema":{"@context":"https:\/\/schema.org","@graph":[{"@type":"WebPage","@id":"https:\/\/bqewater.com\/es\/historia\/","url":"https:\/\/bqewater.com\/es\/historia\/","name":"Historia - BQE Water","isPartOf":{"@id":"https:\/\/bqewater.com\/es\/#website"},"datePublished":"2025-07-28T23:41:27+00:00","dateModified":"2026-03-06T21:45:46+00:00","breadcrumb":{"@id":"https:\/\/bqewater.com\/es\/historia\/#breadcrumb"},"inLanguage":"es","potentialAction":[{"@type":"ReadAction","target":["https:\/\/bqewater.com\/es\/historia\/"]}]},{"@type":"BreadcrumbList","@id":"https:\/\/bqewater.com\/es\/historia\/#breadcrumb","itemListElement":[{"@type":"ListItem","position":1,"name":"Home","item":"https:\/\/bqewater.com\/es\/inicio\/"},{"@type":"ListItem","position":2,"name":"Historia"}]},{"@type":"WebSite","@id":"https:\/\/bqewater.com\/es\/#website","url":"https:\/\/bqewater.com\/es\/","name":"BQE Water","description":"Stewardship over water","potentialAction":[{"@type":"SearchAction","target":{"@type":"EntryPoint","urlTemplate":"https:\/\/bqewater.com\/es\/?s={search_term_string}"},"query-input":{"@type":"PropertyValueSpecification","valueRequired":true,"valueName":"search_term_string"}}],"inLanguage":"es"}]}},"_links":{"self":[{"href":"https:\/\/bqewater.com\/es\/wp-json\/wp\/v2\/pages\/10790","targetHints":{"allow":["GET"]}}],"collection":[{"href":"https:\/\/bqewater.com\/es\/wp-json\/wp\/v2\/pages"}],"about":[{"href":"https:\/\/bqewater.com\/es\/wp-json\/wp\/v2\/types\/page"}],"author":[{"embeddable":true,"href":"https:\/\/bqewater.com\/es\/wp-json\/wp\/v2\/users\/2"}],"replies":[{"embeddable":true,"href":"https:\/\/bqewater.com\/es\/wp-json\/wp\/v2\/comments?post=10790"}],"version-history":[{"count":0,"href":"https:\/\/bqewater.com\/es\/wp-json\/wp\/v2\/pages\/10790\/revisions"}],"wp:attachment":[{"href":"https:\/\/bqewater.com\/es\/wp-json\/wp\/v2\/media?parent=10790"}],"curies":[{"name":"wp","href":"https:\/\/api.w.org\/{rel}","templated":true}]}}